{"id":1692,"date":"2020-07-07T17:28:35","date_gmt":"2020-07-07T15:28:35","guid":{"rendered":"http:\/\/www.gruber-stahl.eu\/?page_id=1692"},"modified":"2024-04-24T10:28:13","modified_gmt":"2024-04-24T08:28:13","slug":"mein-angebot","status":"publish","type":"page","link":"https:\/\/www.gruber-stahl.eu\/?page_id=1692","title":{"rendered":"Mein Angebot"},"content":{"rendered":"<p><strong><img loading=\"lazy\" decoding=\"async\" class=\"aligncenter wp-image-1284\" src=\"https:\/\/www.gruber-stahl.eu\/wp-content\/uploads\/2019\/02\/flag-812113_1920-300x225.jpg\" alt=\"\" width=\"147\" height=\"110\" srcset=\"https:\/\/www.gruber-stahl.eu\/wp-content\/uploads\/2019\/02\/flag-812113_1920-300x225.jpg 300w, https:\/\/www.gruber-stahl.eu\/wp-content\/uploads\/2019\/02\/flag-812113_1920-768x576.jpg 768w, https:\/\/www.gruber-stahl.eu\/wp-content\/uploads\/2019\/02\/flag-812113_1920-1024x768.jpg 1024w, https:\/\/www.gruber-stahl.eu\/wp-content\/uploads\/2019\/02\/flag-812113_1920.jpg 1920w\" sizes=\"(max-width: 147px) 100vw, 147px\" \/><\/strong><\/p>\n<p style=\"text-align: center;\"><strong>Sie m\u00f6chten mit Ihrem Unternehmen in digitalen Medien und Presse pr\u00e4sent sein, <\/strong><strong>haben aber weder die Zeit noch das Personal,\u00a0 sich darum zu k\u00fcmmern?<br \/>\n<\/strong><\/p>\n<h5 style=\"text-align: center;\"><strong>Ich \u00fcbernehme das sehr gerne f\u00fcr Sie!<\/strong><\/h5>\n<hr \/>\n<h5><\/h5>\n<h5 style=\"text-align: left;\">Wobei kann ich Ihnen behilflich sein?<\/h5>\n<ul>\n<li>Ich schreibe <strong>Kunden<\/strong>&#8211; und <strong>Presseinformationen<\/strong>, die von den Adressaten gerne gelesen werden. In knapper, hochwertiger und ansprechender Form.<\/li>\n<li>Zum Beispiel f\u00fcr <strong>Pressemitteilungen, Blogtexte, Postings<\/strong> in sozialen Netzwerken oder <strong>Mailings<\/strong>.<\/li>\n<li>Und falls Sie nach Frankreich expandieren wollen: alle Leistungen erhalten Sie auch in <strong>franz\u00f6sischer Sprache<\/strong>.<\/li>\n<\/ul>\n<p>F\u00fcr mich als langj\u00e4hrige <strong>Kommunikationsexpertin<\/strong> haben kluge und stimmige Texte h\u00f6chste Priorit\u00e4t. Auch komplizierte Themen bringe ich f\u00fcr meine Kunden in eine gut lesbare und interessante Form. Damit Ihr Unternehmen nicht in der grauen Masse der Werbefluten versinkt.<\/p>\n<p>Wann darf ich Sie zu einem unverbindlichen Gespr\u00e4ch begr\u00fc\u00dfen?<strong><br \/>\n<\/strong>Ich freue mich auf eine <strong>Terminvereinbarung <\/strong>\u00fcber mein <strong><a href=\"https:\/\/www.gruber-stahl.eu\/?page_id=589\">Kontaktformular<\/a>.<br \/>\n<\/strong><\/p>\n<p>&nbsp;<\/p>\n","protected":false},"excerpt":{"rendered":"<p>Sie m\u00f6chten mit Ihrem Unternehmen in digitalen Medien und Presse pr\u00e4sent sein, haben aber weder die Zeit noch das Personal,\u00a0 sich darum zu k\u00fcmmern? Ich \u00fcbernehme das sehr gerne f\u00fcr&#46;&#46;&#46;<\/p>\n","protected":false},"author":11,"featured_media":0,"parent":0,"menu_order":0,"comment_status":"closed","ping_status":"closed","template":"","meta":{"_kadence_starter_templates_imported_post":false,"footnotes":""},"_links":{"self":[{"href":"https:\/\/www.gruber-stahl.eu\/index.php?rest_route=\/wp\/v2\/pages\/1692"}],"collection":[{"href":"https:\/\/www.gruber-stahl.eu\/index.php?rest_route=\/wp\/v2\/pages"}],"about":[{"href":"https:\/\/www.gruber-stahl.eu\/index.php?rest_route=\/wp\/v2\/types\/page"}],"author":[{"embeddable":true,"href":"https:\/\/www.gruber-stahl.eu\/index.php?rest_route=\/wp\/v2\/users\/11"}],"replies":[{"embeddable":true,"href":"https:\/\/www.gruber-stahl.eu\/index.php?rest_route=%2Fwp%2Fv2%2Fcomments&post=1692"}],"version-history":[{"count":15,"href":"https:\/\/www.gruber-stahl.eu\/index.php?rest_route=\/wp\/v2\/pages\/1692\/revisions"}],"predecessor-version":[{"id":2636,"href":"https:\/\/www.gruber-stahl.eu\/index.php?rest_route=\/wp\/v2\/pages\/1692\/revisions\/2636"}],"wp:attachment":[{"href":"https:\/\/www.gruber-stahl.eu\/index.php?rest_route=%2Fwp%2Fv2%2Fmedia&parent=1692"}],"curies":[{"name":"wp","href":"https:\/\/api.w.org\/{rel}","templated":true}]}}