{"id":1685,"date":"2020-07-07T17:28:09","date_gmt":"2020-07-07T15:28:09","guid":{"rendered":"http:\/\/www.gruber-stahl.eu\/?page_id=1685"},"modified":"2024-04-24T11:47:10","modified_gmt":"2024-04-24T09:47:10","slug":"lessentiel-en-quelques-mots","status":"publish","type":"page","link":"https:\/\/www.gruber-stahl.eu\/?page_id=1685","title":{"rendered":"L&#8217;essentiel en quelques mots"},"content":{"rendered":"<div id=\"attachment_1284\" style=\"width: 67px\" class=\"wp-caption aligncenter\"><a href=\"https:\/\/www.gruber-stahl.eu\/\"><img loading=\"lazy\" decoding=\"async\" aria-describedby=\"caption-attachment-1284\" class=\"wp-image-1284\" src=\"https:\/\/www.gruber-stahl.eu\/wp-content\/uploads\/2019\/02\/flag-812113_1920-300x225.jpg\" alt=\"\" width=\"57\" height=\"43\" srcset=\"https:\/\/www.gruber-stahl.eu\/wp-content\/uploads\/2019\/02\/flag-812113_1920-300x225.jpg 300w, https:\/\/www.gruber-stahl.eu\/wp-content\/uploads\/2019\/02\/flag-812113_1920-768x576.jpg 768w, https:\/\/www.gruber-stahl.eu\/wp-content\/uploads\/2019\/02\/flag-812113_1920-1024x768.jpg 1024w, https:\/\/www.gruber-stahl.eu\/wp-content\/uploads\/2019\/02\/flag-812113_1920.jpg 1920w\" sizes=\"(max-width: 57px) 100vw, 57px\" \/><\/a><p id=\"caption-attachment-1284\" class=\"wp-caption-text\">Deutsch<\/p><\/div>\n<p><a href=\"https:\/\/www.gruber-stahl.eu\/wp-content\/uploads\/2020\/07\/balance-1372677_1920-e1594133902323.jpg\"><img loading=\"lazy\" decoding=\"async\" class=\"aligncenter wp-image-1671\" src=\"https:\/\/www.gruber-stahl.eu\/wp-content\/uploads\/2020\/07\/balance-1372677_1920-e1594133902323-300x135.jpg\" alt=\"\" width=\"1050\" height=\"473\" srcset=\"https:\/\/www.gruber-stahl.eu\/wp-content\/uploads\/2020\/07\/balance-1372677_1920-e1594133902323-300x135.jpg 300w, https:\/\/www.gruber-stahl.eu\/wp-content\/uploads\/2020\/07\/balance-1372677_1920-e1594133902323-1024x461.jpg 1024w, https:\/\/www.gruber-stahl.eu\/wp-content\/uploads\/2020\/07\/balance-1372677_1920-e1594133902323-768x346.jpg 768w, https:\/\/www.gruber-stahl.eu\/wp-content\/uploads\/2020\/07\/balance-1372677_1920-e1594133902323-1536x691.jpg 1536w, https:\/\/www.gruber-stahl.eu\/wp-content\/uploads\/2020\/07\/balance-1372677_1920-e1594133902323.jpg 1920w\" sizes=\"(max-width: 1050px) 100vw, 1050px\" \/><\/a><\/p>\n<h1 style=\"text-align: center;\">L&#8217;essentiel en quelques mots<\/h1>\n<p style=\"text-align: center;\">Vous \u00eates une <strong>PME<\/strong>, un <strong>organisme touristique<\/strong>, un <strong>commerce<\/strong> <strong>r\u00e9gional<\/strong> cherchant \u00e0 se faire conna\u00eetre par vos clients\u00a0 allemands ?<\/p>\n<p style=\"text-align: center;\">Je\u00a0 vous propose de conformer en allemand vos informations commerciales dans un style attrayant et compr\u00e9hensible, que ce soit en B2B, B2C, relations presse ou pr\u00e9sence sur les r\u00e9seaux sociaux.<\/p>\n<p style=\"text-align: center;\">Pour en savoir plus sur mon offre, cliquez sur <strong><a href=\"https:\/\/www.gruber-stahl.eu\/?page_id=1345\">ce lien<\/a><\/strong>.<\/p>\n<p style=\"text-align: center;\">N&#8217;h\u00e9sitez pas \u00e0 me <strong><a href=\"https:\/\/www.gruber-stahl.eu\/?page_id=589\">contacter<\/a><\/strong> ! Je vous aiderai avec plaisir !<\/p>\n<p style=\"text-align: center;\">\u00c0 bient\u00f4t ! Bis bald!<\/p>\n","protected":false},"excerpt":{"rendered":"<p>L&#8217;essentiel en quelques mots Vous \u00eates une PME, un organisme touristique, un commerce r\u00e9gional cherchant \u00e0 se faire conna\u00eetre par vos clients\u00a0 allemands ? Je\u00a0 vous propose de conformer en&#46;&#46;&#46;<\/p>\n","protected":false},"author":11,"featured_media":0,"parent":0,"menu_order":0,"comment_status":"closed","ping_status":"closed","template":"","meta":{"_kadence_starter_templates_imported_post":false,"footnotes":""},"_links":{"self":[{"href":"https:\/\/www.gruber-stahl.eu\/index.php?rest_route=\/wp\/v2\/pages\/1685"}],"collection":[{"href":"https:\/\/www.gruber-stahl.eu\/index.php?rest_route=\/wp\/v2\/pages"}],"about":[{"href":"https:\/\/www.gruber-stahl.eu\/index.php?rest_route=\/wp\/v2\/types\/page"}],"author":[{"embeddable":true,"href":"https:\/\/www.gruber-stahl.eu\/index.php?rest_route=\/wp\/v2\/users\/11"}],"replies":[{"embeddable":true,"href":"https:\/\/www.gruber-stahl.eu\/index.php?rest_route=%2Fwp%2Fv2%2Fcomments&post=1685"}],"version-history":[{"count":18,"href":"https:\/\/www.gruber-stahl.eu\/index.php?rest_route=\/wp\/v2\/pages\/1685\/revisions"}],"predecessor-version":[{"id":2670,"href":"https:\/\/www.gruber-stahl.eu\/index.php?rest_route=\/wp\/v2\/pages\/1685\/revisions\/2670"}],"wp:attachment":[{"href":"https:\/\/www.gruber-stahl.eu\/index.php?rest_route=%2Fwp%2Fv2%2Fmedia&parent=1685"}],"curies":[{"name":"wp","href":"https:\/\/api.w.org\/{rel}","templated":true}]}}